{"id":393,"date":"2023-03-28T06:24:27","date_gmt":"2023-03-28T06:24:27","guid":{"rendered":"https:\/\/adoring-tesla.88-198-121-67.plesk.page\/?page_id=393"},"modified":"2025-09-24T05:56:13","modified_gmt":"2025-09-24T05:56:13","slug":"datenschutz","status":"publish","type":"page","link":"https:\/\/gstunsel.de\/?page_id=393","title":{"rendered":"Datenschutz"},"content":{"rendered":"\t\t<div data-elementor-type=\"wp-page\" data-elementor-id=\"393\" class=\"elementor elementor-393\">\n\t\t\t\t\t\t<section class=\"elementor-section elementor-top-section elementor-element elementor-element-37a5a87 elementor-section-boxed elementor-section-height-default elementor-section-height-default\" data-id=\"37a5a87\" data-element_type=\"section\">\n\t\t\t\t\t\t<div class=\"elementor-container elementor-column-gap-default\">\n\t\t\t\t\t<div class=\"elementor-column elementor-col-100 elementor-top-column elementor-element elementor-element-d10bc8d\" data-id=\"d10bc8d\" data-element_type=\"column\">\n\t\t\t<div class=\"elementor-widget-wrap elementor-element-populated\">\n\t\t\t\t\t\t<div class=\"elementor-element elementor-element-f4c6f1b elementor-widget elementor-widget-text-editor\" data-id=\"f4c6f1b\" data-element_type=\"widget\" data-widget_type=\"text-editor.default\">\n\t\t\t\t<div class=\"elementor-widget-container\">\n\t\t\t\t\t\t\t\t\t<div class=\"elementor-element elementor-element-2df4886 elementor-widget elementor-widget-heading\" data-id=\"2df4886\" data-element_type=\"widget\" data-widget_type=\"heading.default\" style=\"flex: 0 1 auto; order: 0; align-self: auto; flex-flow: row; place-content: normal; align-items: normal; gap: normal; --swiper-theme-color: #000; --swiper-navigation-size: 44px; --swiper-pagination-bullet-size: 6px; --swiper-pagination-bullet-horizontal-gap: 6px; --widgets-spacing: 20px 20px; --widgets-spacing-row: 20px; --widgets-spacing-column: 20px; width: 1120px; color: rgb(51, 65, 85); font-family: -apple-system, BlinkMacSystemFont, &quot;Segoe UI&quot;, Roboto, Oxygen-Sans, Ubuntu, Cantarell, &quot;Helvetica Neue&quot;, sans-serif;\"><div class=\"elementor-widget-container\" style=\"transition: background 0.3s, border 0.3s, border-radius 0.3s, box-shadow 0.3s, transform 0.4s;\"><h2 class=\"elementor-heading-title elementor-size-default\" style=\"font-weight: 600; color: rgb(0, 0, 0); font-family: Roboto, sans-serif;\">Datenschutz<\/h2><\/div><\/div><div class=\"elementor-element elementor-element-23d7346 elementor-widget elementor-widget-text-editor\" data-id=\"23d7346\" data-element_type=\"widget\" data-widget_type=\"text-editor.default\" style=\"flex: 0 1 auto; order: 0; align-self: auto; flex-flow: row; place-content: normal; align-items: normal; gap: normal; --swiper-theme-color: #000; --swiper-navigation-size: 44px; --swiper-pagination-bullet-size: 6px; --swiper-pagination-bullet-horizontal-gap: 6px; --widgets-spacing: 20px 20px; --widgets-spacing-row: 20px; --widgets-spacing-column: 20px; color: rgb(0, 0, 0); font-family: Roboto, sans-serif; font-weight: 400; width: 1120px;\"><div class=\"elementor-widget-container\" style=\"transition: background 0.3s, border 0.3s, border-radius 0.3s, box-shadow 0.3s, transform 0.4s;\"><p style=\"font-size: 13px; font-style: normal; margin-bottom: 1em; font-family: &quot;Helvetica Neue&quot;, Helvetica, Arial, &quot;Lucida Grande&quot;, sans-serif; caret-color: rgb(102, 102, 102); color: rgb(102, 102, 102);\"><span style=\"font-weight: 700; border: 0px; font-family: inherit; font-style: inherit; margin: 0px; outline: 0px; padding: 0px; vertical-align: baseline;\">Rechtliche Hinweise:<\/span><\/p><p style=\"font-size: 13px; font-style: normal; margin-top: 1em; margin-bottom: 1em; font-family: &quot;Helvetica Neue&quot;, Helvetica, Arial, &quot;Lucida Grande&quot;, sans-serif; caret-color: rgb(102, 102, 102); color: rgb(102, 102, 102);\">Alle nachfolgend gemachten Angaben basieren auf den Empfehlungen des Kultusministeriums Baden-W\u00fcrttemberg (<a href=\"https:\/\/it.kultus-bw.de\/,Lde\/Startseite\/IT-Sicherheit\/Datenschutz+an+Schulen\" style=\"text-decoration-line: none; color: rgb(36, 140, 200); transition-timing-function: ease; transition-property: all; border: 0px; font-family: inherit; font-style: inherit; margin: 0px; outline: 0px; padding: 0px; vertical-align: baseline;\">it.kultus-bw.de<\/a>).<\/p><p style=\"font-size: 13px; font-style: normal; margin-top: 1em; margin-bottom: 1em; font-family: &quot;Helvetica Neue&quot;, Helvetica, Arial, &quot;Lucida Grande&quot;, sans-serif; caret-color: rgb(102, 102, 102); color: rgb(102, 102, 102);\"><span style=\"font-weight: 700; border: 0px; font-family: inherit; font-style: inherit; margin: 0px; outline: 0px; padding: 0px; vertical-align: baseline;\">Urheberrecht<\/span><br>Texte, Bilder, Grafiken und Fotos sowie die Gestaltung dieser Internetseiten unterliegen dem Urheberrecht. Sie d\u00fcrfen von Ihnen nur zum privaten und sonstigen eigenen Gebrauch im Rahmen des \u00a7 53 Urheberrechtsgesetz (UrhG) ohne jede \u00c4nderung vervielf\u00e4ltigt werden. Eine Verbreitung von Kopien (analog oder digital) oder Ausz\u00fcgen ist nur mit schriftlicher Genehmigung zul\u00e4ssig. Der Nachdruck und die Auswertung von Pressemitteilungen und Reden sind mit Quellenangabe gestattet. Texte, Bilder, Grafiken und sonstige Materialien k\u00f6nnen ganz oder teilweise dem Urheberrecht Dritter unterliegen. Die Inhalte Dritter sind als solche kenntlich gemacht und d\u00fcrfen ohne Einwilligung des Rechteinhabers nicht vervielf\u00e4ltigt, \u00f6ffentlich zug\u00e4nglich gemacht oder \u00f6ffentlich wiedergegeben werden.<\/p><p style=\"font-size: 13px; font-style: normal; margin-top: 1em; margin-bottom: 1em; font-family: &quot;Helvetica Neue&quot;, Helvetica, Arial, &quot;Lucida Grande&quot;, sans-serif; caret-color: rgb(102, 102, 102); color: rgb(102, 102, 102);\"><span style=\"font-weight: 700; border: 0px; font-family: inherit; font-style: inherit; margin: 0px; outline: 0px; padding: 0px; vertical-align: baseline;\">Haftung f\u00fcr Inhalte<\/span><br>Die Informationen, die Sie auf diesem Internetauftritt vorfinden, wurden nach bestem Wissen und Gewissen sorgf\u00e4ltig zusammengestellt und gepr\u00fcft. F\u00fcr die Richtigkeit, Vollst\u00e4ndigkeit, Aktualit\u00e4t oder Qualit\u00e4t und jederzeitige Verf\u00fcgbarkeit der bereit gestellten Informationen wird jedoch keine Gew\u00e4hr \u00fcbernommen.<br>Diensteanbieter sind gem\u00e4\u00df \u00a7 7 Abs.1 TMG f\u00fcr eigene Inhalte auf diesen Seiten nach den allgemeinen Gesetzen verantwortlich. Diensteanbieter sind jedoch nicht verpflichtet, \u00fcbermittelte oder gespeicherte fremde Informationen zu \u00fcberwachen oder nach Umst\u00e4nden zu forschen, die auf eine rechtswidrige T\u00e4tigkeit hinweisen. Verpflichtungen zur Entfernung oder Sperrung der Nutzung von Informationen nach den allgemeinen Gesetzen bleiben hiervon unber\u00fchrt.<br>Dieser Internetauftritt enth\u00e4lt auch Links oder Verweise auf Internetauftritte Dritter. Diese Links zu den Internetauftritten Dritter stellen keine Zustimmung zu deren Inhalten durch den Herausgeber dar.<br>F\u00fcr die Inhalte der externen Links sind die jeweiligen Anbieter oder Betreiber (Urheber) der Seiten verantwortlich. Mit den Links zu anderen Internetauftritten wird den Nutzern lediglich der Zugang zur Nutzung der Inhalte vermittelt.<br>Die externen Links wurden zum Zeitpunkt der Linksetzung nach bestem Wissen und Gewissen auf eventuelle Rechtsverst\u00f6\u00dfe \u00fcberpr\u00fcft. Eine st\u00e4ndige inhaltliche \u00dcberpr\u00fcfung der externen Links ist ohne konkrete Anhaltspunkte einer Rechtsverletzung nicht m\u00f6glich. Bei Verlinkungen auf die Webseiten Dritter, die au\u00dferhalb des Verantwortungsbereichs des Herausgebers liegen, w\u00fcrde eine Haftungsverpflichtung nur bestehen, wenn der Herausgeber von den rechtswidrigen Inhalten Kenntnis erlangen und es technisch m\u00f6glich und zumutbar w\u00e4re, die Nutzung dieser Inhalte zu verhindern. Sollten Sie der Ansicht sein, dass die verlinkten externen Seiten gegen geltendes Recht versto\u00dfen oder sonst unangemessene Inhalte haben, so teilen Sie uns dies bitte mit.<\/p><p style=\"font-size: 13px; font-style: normal; margin-top: 1em; margin-bottom: 1em; font-family: &quot;Helvetica Neue&quot;, Helvetica, Arial, &quot;Lucida Grande&quot;, sans-serif; caret-color: rgb(102, 102, 102); color: rgb(102, 102, 102);\"><span style=\"font-weight: 700; border: 0px; font-family: inherit; font-style: inherit; margin: 0px; outline: 0px; padding: 0px; vertical-align: baseline;\">Allgemeine Datenschutzerkl\u00e4rung<\/span><br>1. Verantwortlicher und Datenschutzbeauftragter<br>1.1 Verantwortlicher gem. Art. 4 Abs. 7 EU-Datenschutz-Grundverordnung (EU-DSGVO) ist Sarah Borgas, Hauptstra\u00dfe 7, 79189 Bad Krozingen (siehe unser Impressum).<br>1.2 Unseren Datenschutzbeauftragten erreichen Sie unter unserer Postadresse mit dem Zusatz \u201eder Datenschutzbeauftragte\u201c.<\/p><p style=\"font-size: 13px; font-style: normal; margin-top: 1em; margin-bottom: 1em; font-family: &quot;Helvetica Neue&quot;, Helvetica, Arial, &quot;Lucida Grande&quot;, sans-serif; caret-color: rgb(102, 102, 102); color: rgb(102, 102, 102);\">2. Information \u00fcber die Erhebung personenbezogener Daten, Speicherdauer<br>2.1 Im Folgenden informieren wir \u00fcber die Erhebung personenbezogener Daten bei Nutzung unserer Website. Personenbezogene Daten sind alle Daten, die auf Sie pers\u00f6nlich beziehbar sind, z. B. Name, Adresse, E-Mail-Adressen, Nutzerverhalten.<br>2.2 Bei Ihrer Kontaktaufnahme mit uns per E-Mail oder \u00fcber ein Kontaktformular werden die von Ihnen mitgeteilten Daten (Ihre E-Mail-Adresse, ggf. Ihr Name und Ihre Telefonnummer) von uns gespeichert, um Ihre Fragen zu beantworten. Die in diesem Zusammenhang anfallenden Daten l\u00f6schen wir, nachdem die Speicherung nicht mehr erforderlich ist, oder schr\u00e4nken die Verarbeitung ein, falls gesetzliche Aufbewahrungspflichten bestehen.<br>2.3 Falls wir f\u00fcr einzelne Funktionen unseres Angebots auf beauftragte Dienstleister zur\u00fcckgreifen oder Ihre Daten f\u00fcr werbliche Zwecke nutzen m\u00f6chten, werden wir Sie untenstehend im Detail \u00fcber die jeweiligen Vorg\u00e4nge informieren. Dabei nennen wir auch die festgelegten Kriterien der Speicherdauer.<\/p><p style=\"font-size: 13px; font-style: normal; margin-top: 1em; margin-bottom: 1em; font-family: &quot;Helvetica Neue&quot;, Helvetica, Arial, &quot;Lucida Grande&quot;, sans-serif; caret-color: rgb(102, 102, 102); color: rgb(102, 102, 102);\">3. Ihre Rechte<br>3.1 Sie haben gegen\u00fcber uns folgende Rechte hinsichtlich der Sie betreffenden personenbezogenen Daten:<br>\u2013 Recht auf Auskunft,<br>\u2013 Recht auf Berichtigung oder L\u00f6schung,<br>\u2013 Recht auf Einschr\u00e4nkung der Verarbeitung,<br>\u2013 Recht auf Widerspruch gegen die Verarbeitung,<br>\u2013 Recht auf Daten\u00fcbertragbarkeit.<br>3.2 Sie haben zudem das Recht, sich bei einer Datenschutz-Aufsichtsbeh\u00f6rde \u00fcber die Verarbeitung Ihrer personenbezogenen Daten durch uns zu beschweren. Die Datenschutzaufsichtsbeh\u00f6rde ist der Landesbeauftragte f\u00fcr den Datenschutz und die Informationsfreiheit (LfDI), K\u00f6nigstrasse 10a, 70173 Stuttgart.<br>3.4 Werden personenbezogene Daten an ein Drittland oder an eine internationale Organisation \u00fcbermittelt, so haben Sie das Recht, \u00fcber die geeigneten Garantien gem\u00e4\u00df Art. 46 EU-DSGVO im Zusammenhang mit der \u00dcbermittlung unterrichtet zu werden.<\/p><p style=\"font-size: 13px; font-style: normal; margin-top: 1em; margin-bottom: 0px; font-family: &quot;Helvetica Neue&quot;, Helvetica, Arial, &quot;Lucida Grande&quot;, sans-serif; caret-color: rgb(102, 102, 102); color: rgb(102, 102, 102);\">4. Erhebung und Zweck personenbezogener Daten bei Besuch unserer Website<br>4.1 Bei der blo\u00df informatorischen Nutzung der Website, also wenn Sie sich nicht registrieren oder uns anderweitig Informationen \u00fcbermitteln, erheben wir nur die personenbezogenen Daten, die Ihr Browser an unseren Server \u00fcbermittelt. Wenn Sie unsere Website betrachten m\u00f6chten, erheben wir die folgenden Daten, die f\u00fcr uns technisch erforderlich sind, um Ihnen unsere Website anzuzeigen und die Stabilit\u00e4t und Sicherheit zu gew\u00e4hrleisten (Rechtsgrundlage ist Art. 6 Abs. 1 S. 1 lit. f EU-DSGVO):<br>\u2013 IP-Adresse<br>\u2013 Datum und Uhrzeit der Anfrage<br>\u2013 Zeitzonendifferenz zur Greenwich Mean Time (GMT)<br>\u2013 Inhalt der Anforderung (konkrete Seite)<br>\u2013 Zugriffsstatus\/HTTP-Statuscode<br>\u2013 jeweils \u00fcbertragene Datenmenge<br>\u2013 Website, von der die Anforderung kommt<br>\u2013 Browser<br>\u2013 Betriebssystem und dessen Oberfl\u00e4che<br>\u2013 Sprache und Version der Browsersoftware.<br>4.2 Zus\u00e4tzlich zu den zuvor genannten Daten werden bei Ihrer Nutzung unserer Website Cookies auf Ihrem Rechner gespeichert. Bei Cookies handelt es sich um kleine Textdateien, die auf Ihrer Festplatte dem von Ihnen verwendeten Browser zugeordnet gespeichert werden und durch welche der Stelle, die den Cookie setzt (hier durch uns), bestimmte Informationen zuflie\u00dfen. Cookies k\u00f6nnen keine Programme ausf\u00fchren oder Viren auf Ihren Computer \u00fcbertragen. Sie dienen dazu, das Internetangebot insgesamt nutzerfreundlicher und effektiver zu machen.<br>4.3 Einsatz von Cookies 1:<br>a) Diese Website nutzt folgende Arten von Cookies, deren Umfang und Funktionsweise im Folgenden erl\u00e4utert werden:<br>\u2013 Transiente Cookies (dazu b)<br>\u2013 Persistente Cookies (dazu c).<br>b) Transiente Cookies werden automatisiert gel\u00f6scht, wenn Sie den Browser schlie\u00dfen. Dazu z\u00e4hlen insbesondere die Session-Cookies. Diese speichern eine sogenannte Session-ID, mit welcher sich verschiedene Anfragen Ihres Browsers der gemeinsamen Sitzung zuordnen lassen. Dadurch kann Ihr Rechner wiedererkannt werden, wenn Sie auf unsere Website zur\u00fcckkehren. Die Session-Cookies werden gel\u00f6scht, wenn Sie sich ausloggen oder den Browser schlie\u00dfen.<br>c) Persistente Cookies werden automatisiert nach einer vorgegebenen Dauer gel\u00f6scht, die sich je nach Cookie unterscheiden kann. Sie k\u00f6nnen die Cookies in den Sicherheitseinstellungen Ihres Browsers jederzeit l\u00f6schen.<br>d) Sie k\u00f6nnen Ihre Browser-Einstellung entsprechend Ihren W\u00fcnschen konfigurieren und z. B. die Annahme von Third-Party-Cookies oder allen Cookies ablehnen. Wir weisen Sie darauf hin, dass Sie eventuell nicht alle Funktionen dieser Website nutzen k\u00f6nnen.<\/p><\/div><\/div>\t\t\t\t\t\t\t\t<\/div>\n\t\t\t\t<\/div>\n\t\t\t\t\t<\/div>\n\t\t<\/div>\n\t\t\t\t\t<\/div>\n\t\t<\/section>\n\t\t\t\t<\/div>\n\t\t","protected":false},"excerpt":{"rendered":"<p>Datenschutz Rechtliche Hinweise: Alle nachfolgend gemachten Angaben basieren auf den Empfehlungen des Kultusministeriums Baden-W\u00fcrttemberg (it.kultus-bw.de). UrheberrechtTexte, Bilder, Grafiken und Fotos sowie die Gestaltung dieser Internetseiten unterliegen dem Urheberrecht. Sie d\u00fcrfen [&hellip;]<\/p>\n","protected":false},"author":1,"featured_media":0,"parent":0,"menu_order":0,"comment_status":"closed","ping_status":"closed","template":"","meta":{"site-sidebar-layout":"no-sidebar","site-content-layout":"page-builder","ast-site-content-layout":"default","site-content-style":"default","site-sidebar-style":"default","ast-global-header-display":"","ast-banner-title-visibility":"","ast-main-header-display":"","ast-hfb-above-header-display":"","ast-hfb-below-header-display":"","ast-hfb-mobile-header-display":"","site-post-title":"disabled","ast-breadcrumbs-content":"","ast-featured-img":"disabled","footer-sml-layout":"","theme-transparent-header-meta":"","adv-header-id-meta":"","stick-header-meta":"","header-above-stick-meta":"","header-main-stick-meta":"","header-below-stick-meta":"","astra-migrate-meta-layouts":"default","ast-page-background-enabled":"default","ast-page-background-meta":{"desktop":{"background-color":"var(--ast-global-color-4)","background-image":"","background-repeat":"repeat","background-position":"center center","background-size":"auto","background-attachment":"scroll","background-type":"","background-media":"","overlay-type":"","overlay-color":"","overlay-opacity":"","overlay-gradient":""},"tablet":{"background-color":"","background-image":"","background-repeat":"repeat","background-position":"center center","background-size":"auto","background-attachment":"scroll","background-type":"","background-media":"","overlay-type":"","overlay-color":"","overlay-opacity":"","overlay-gradient":""},"mobile":{"background-color":"","background-image":"","background-repeat":"repeat","background-position":"center center","background-size":"auto","background-attachment":"scroll","background-type":"","background-media":"","overlay-type":"","overlay-color":"","overlay-opacity":"","overlay-gradient":""}},"ast-content-background-meta":{"desktop":{"background-color":"var(--ast-global-color-5)","background-image":"","background-repeat":"repeat","background-position":"center center","background-size":"auto","background-attachment":"scroll","background-type":"","background-media":"","overlay-type":"","overlay-color":"","overlay-opacity":"","overlay-gradient":""},"tablet":{"background-color":"var(--ast-global-color-5)","background-image":"","background-repeat":"repeat","background-position":"center center","background-size":"auto","background-attachment":"scroll","background-type":"","background-media":"","overlay-type":"","overlay-color":"","overlay-opacity":"","overlay-gradient":""},"mobile":{"background-color":"var(--ast-global-color-5)","background-image":"","background-repeat":"repeat","background-position":"center center","background-size":"auto","background-attachment":"scroll","background-type":"","background-media":"","overlay-type":"","overlay-color":"","overlay-opacity":"","overlay-gradient":""}},"footnotes":""},"class_list":["post-393","page","type-page","status-publish","hentry"],"_links":{"self":[{"href":"https:\/\/gstunsel.de\/index.php?rest_route=\/wp\/v2\/pages\/393","targetHints":{"allow":["GET"]}}],"collection":[{"href":"https:\/\/gstunsel.de\/index.php?rest_route=\/wp\/v2\/pages"}],"about":[{"href":"https:\/\/gstunsel.de\/index.php?rest_route=\/wp\/v2\/types\/page"}],"author":[{"embeddable":true,"href":"https:\/\/gstunsel.de\/index.php?rest_route=\/wp\/v2\/users\/1"}],"replies":[{"embeddable":true,"href":"https:\/\/gstunsel.de\/index.php?rest_route=%2Fwp%2Fv2%2Fcomments&post=393"}],"version-history":[{"count":4,"href":"https:\/\/gstunsel.de\/index.php?rest_route=\/wp\/v2\/pages\/393\/revisions"}],"predecessor-version":[{"id":1566,"href":"https:\/\/gstunsel.de\/index.php?rest_route=\/wp\/v2\/pages\/393\/revisions\/1566"}],"wp:attachment":[{"href":"https:\/\/gstunsel.de\/index.php?rest_route=%2Fwp%2Fv2%2Fmedia&parent=393"}],"curies":[{"name":"wp","href":"https:\/\/api.w.org\/{rel}","templated":true}]}}