{"id":244,"date":"2023-03-27T13:21:38","date_gmt":"2023-03-27T13:21:38","guid":{"rendered":"https:\/\/adoring-tesla.88-198-121-67.plesk.page\/?page_id=244"},"modified":"2025-06-24T20:44:25","modified_gmt":"2025-06-24T20:44:25","slug":"beratung-und-schulsozialarbeit","status":"publish","type":"page","link":"https:\/\/gstunsel.de\/?page_id=244","title":{"rendered":"Schulsozialarbeit"},"content":{"rendered":"\t\t<div data-elementor-type=\"wp-page\" data-elementor-id=\"244\" class=\"elementor elementor-244\">\n\t\t\t\t\t\t<section class=\"elementor-section elementor-top-section elementor-element elementor-element-358b6df elementor-section-boxed elementor-section-height-default elementor-section-height-default\" data-id=\"358b6df\" data-element_type=\"section\">\n\t\t\t\t\t\t<div class=\"elementor-container elementor-column-gap-default\">\n\t\t\t\t\t<div class=\"elementor-column elementor-col-100 elementor-top-column elementor-element elementor-element-7e846d0\" data-id=\"7e846d0\" data-element_type=\"column\">\n\t\t\t<div class=\"elementor-widget-wrap elementor-element-populated\">\n\t\t\t\t\t\t<section class=\"elementor-section elementor-inner-section elementor-element elementor-element-ae21be2 elementor-section-boxed elementor-section-height-default elementor-section-height-default\" data-id=\"ae21be2\" data-element_type=\"section\">\n\t\t\t\t\t\t<div class=\"elementor-container elementor-column-gap-default\">\n\t\t\t\t\t<div class=\"elementor-column elementor-col-50 elementor-inner-column elementor-element elementor-element-61aa161\" data-id=\"61aa161\" data-element_type=\"column\">\n\t\t\t<div class=\"elementor-widget-wrap elementor-element-populated\">\n\t\t\t\t\t\t<div class=\"elementor-element elementor-element-ff2adbc elementor-widget elementor-widget-image\" data-id=\"ff2adbc\" data-element_type=\"widget\" data-widget_type=\"image.default\">\n\t\t\t\t<div class=\"elementor-widget-container\">\n\t\t\t\t\t\t\t\t\t\t\t\t\t\t\t<img fetchpriority=\"high\" decoding=\"async\" width=\"300\" height=\"225\" src=\"https:\/\/gstunsel.de\/wp-content\/uploads\/2025\/02\/IMG_1078-300x225.jpeg\" class=\"attachment-medium size-medium wp-image-1088\" alt=\"\" srcset=\"https:\/\/gstunsel.de\/wp-content\/uploads\/2025\/02\/IMG_1078-300x225.jpeg 300w, https:\/\/gstunsel.de\/wp-content\/uploads\/2025\/02\/IMG_1078-1024x768.jpeg 1024w, https:\/\/gstunsel.de\/wp-content\/uploads\/2025\/02\/IMG_1078-768x576.jpeg 768w, https:\/\/gstunsel.de\/wp-content\/uploads\/2025\/02\/IMG_1078-1536x1152.jpeg 1536w, https:\/\/gstunsel.de\/wp-content\/uploads\/2025\/02\/IMG_1078-2048x1536.jpeg 2048w\" sizes=\"(max-width: 300px) 100vw, 300px\" \/>\t\t\t\t\t\t\t\t\t\t\t\t\t\t\t<\/div>\n\t\t\t\t<\/div>\n\t\t\t\t\t<\/div>\n\t\t<\/div>\n\t\t\t\t<div class=\"elementor-column elementor-col-50 elementor-inner-column elementor-element elementor-element-04d673d\" data-id=\"04d673d\" data-element_type=\"column\">\n\t\t\t<div class=\"elementor-widget-wrap elementor-element-populated\">\n\t\t\t\t\t\t<div class=\"elementor-element elementor-element-ab7bdb0 elementor-widget elementor-widget-heading\" data-id=\"ab7bdb0\" data-element_type=\"widget\" data-widget_type=\"heading.default\">\n\t\t\t\t<div class=\"elementor-widget-container\">\n\t\t\t\t\t<h2 class=\"elementor-heading-title elementor-size-default\">Schulsozialarbeit <\/h2>\t\t\t\t<\/div>\n\t\t\t\t<\/div>\n\t\t\t\t<div class=\"elementor-element elementor-element-ff8ce17 elementor-widget elementor-widget-text-editor\" data-id=\"ff8ce17\" data-element_type=\"widget\" data-widget_type=\"text-editor.default\">\n\t\t\t\t<div class=\"elementor-widget-container\">\n\t\t\t\t\t\t\t\t\t<p>Beratung und Unterst\u00fctzung f\u00fcr Sch\u00fcler und Eltern bei Schwierigkeiten und Problemen in und au\u00dferhalb der Schule.<\/p>\t\t\t\t\t\t\t\t<\/div>\n\t\t\t\t<\/div>\n\t\t\t\t\t<\/div>\n\t\t<\/div>\n\t\t\t\t\t<\/div>\n\t\t<\/section>\n\t\t\t\t\t<\/div>\n\t\t<\/div>\n\t\t\t\t\t<\/div>\n\t\t<\/section>\n\t\t\t\t<section class=\"elementor-section elementor-top-section elementor-element elementor-element-b3a1186 elementor-section-boxed elementor-section-height-default elementor-section-height-default\" data-id=\"b3a1186\" data-element_type=\"section\">\n\t\t\t\t\t\t<div class=\"elementor-container elementor-column-gap-default\">\n\t\t\t\t\t<div class=\"elementor-column elementor-col-100 elementor-top-column elementor-element elementor-element-1b55e1c\" data-id=\"1b55e1c\" data-element_type=\"column\">\n\t\t\t<div class=\"elementor-widget-wrap elementor-element-populated\">\n\t\t\t\t\t\t<div class=\"elementor-element elementor-element-2f84fc9 elementor-widget elementor-widget-text-editor\" data-id=\"2f84fc9\" data-element_type=\"widget\" data-widget_type=\"text-editor.default\">\n\t\t\t\t<div class=\"elementor-widget-container\">\n\t\t\t\t\t\t\t\t\t<p>Unsere Schulsozialarbeiterin Constanze Hecklinger ist jeden Montag, Dienstag, Donnerstag und Freitag an der Schule. Sie hat immer ein offenes Ohr f\u00fcr die Anliegen unserer Sch\u00fclerinnen und Sch\u00fcler.<\/p><p><strong>Kontakt:<\/strong><\/p><p>Constanze Hecklinger<br \/>Mail: constanze.hecklinger@bad-krozingen.de<br \/>Tel: 07633 \/ 407 663<br \/>Handy: 0152 \/ 097 692 66<\/p>\t\t\t\t\t\t\t\t<\/div>\n\t\t\t\t<\/div>\n\t\t\t\t\t<\/div>\n\t\t<\/div>\n\t\t\t\t\t<\/div>\n\t\t<\/section>\n\t\t\t\t<section class=\"elementor-section elementor-top-section elementor-element elementor-element-e67aa4c elementor-section-boxed elementor-section-height-default elementor-section-height-default\" data-id=\"e67aa4c\" data-element_type=\"section\">\n\t\t\t\t\t\t<div class=\"elementor-container elementor-column-gap-default\">\n\t\t\t\t\t<div class=\"elementor-column elementor-col-100 elementor-top-column elementor-element elementor-element-4d31282\" data-id=\"4d31282\" data-element_type=\"column\">\n\t\t\t<div class=\"elementor-widget-wrap elementor-element-populated\">\n\t\t\t\t\t\t<div class=\"elementor-element elementor-element-42aac6a elementor-widget elementor-widget-image\" data-id=\"42aac6a\" data-element_type=\"widget\" data-widget_type=\"image.default\">\n\t\t\t\t<div class=\"elementor-widget-container\">\n\t\t\t\t\t\t\t\t\t\t\t\t\t\t\t<img decoding=\"async\" width=\"768\" height=\"576\" src=\"https:\/\/gstunsel.de\/wp-content\/uploads\/2025\/02\/IMG_1154-768x576.jpeg\" class=\"attachment-medium_large size-medium_large wp-image-1100\" alt=\"\" srcset=\"https:\/\/gstunsel.de\/wp-content\/uploads\/2025\/02\/IMG_1154-768x576.jpeg 768w, https:\/\/gstunsel.de\/wp-content\/uploads\/2025\/02\/IMG_1154-300x225.jpeg 300w, https:\/\/gstunsel.de\/wp-content\/uploads\/2025\/02\/IMG_1154-1024x768.jpeg 1024w, https:\/\/gstunsel.de\/wp-content\/uploads\/2025\/02\/IMG_1154-1536x1152.jpeg 1536w, https:\/\/gstunsel.de\/wp-content\/uploads\/2025\/02\/IMG_1154-2048x1536.jpeg 2048w\" sizes=\"(max-width: 768px) 100vw, 768px\" \/>\t\t\t\t\t\t\t\t\t\t\t\t\t\t\t<\/div>\n\t\t\t\t<\/div>\n\t\t\t\t\t<\/div>\n\t\t<\/div>\n\t\t\t\t\t<\/div>\n\t\t<\/section>\n\t\t\t\t<\/div>\n\t\t","protected":false},"excerpt":{"rendered":"<p>Schulsozialarbeit Beratung und Unterst\u00fctzung f\u00fcr Sch\u00fcler und Eltern bei Schwierigkeiten und Problemen in und au\u00dferhalb der Schule. Unsere Schulsozialarbeiterin Constanze Hecklinger ist jeden Montag, Dienstag, Donnerstag und Freitag an der [&hellip;]<\/p>\n","protected":false},"author":1,"featured_media":0,"parent":0,"menu_order":0,"comment_status":"closed","ping_status":"closed","template":"","meta":{"site-sidebar-layout":"no-sidebar","site-content-layout":"page-builder","ast-site-content-layout":"full-width-container","site-content-style":"unboxed","site-sidebar-style":"unboxed","ast-global-header-display":"","ast-banner-title-visibility":"","ast-main-header-display":"","ast-hfb-above-header-display":"","ast-hfb-below-header-display":"","ast-hfb-mobile-header-display":"","site-post-title":"disabled","ast-breadcrumbs-content":"","ast-featured-img":"disabled","footer-sml-layout":"","theme-transparent-header-meta":"","adv-header-id-meta":"","stick-header-meta":"","header-above-stick-meta":"","header-main-stick-meta":"","header-below-stick-meta":"","astra-migrate-meta-layouts":"set","ast-page-background-enabled":"default","ast-page-background-meta":{"desktop":{"background-color":"var(--ast-global-color-4)","background-image":"","background-repeat":"repeat","background-position":"center center","background-size":"auto","background-attachment":"scroll","background-type":"","background-media":"","overlay-type":"","overlay-color":"","overlay-opacity":"","overlay-gradient":""},"tablet":{"background-color":"","background-image":"","background-repeat":"repeat","background-position":"center center","background-size":"auto","background-attachment":"scroll","background-type":"","background-media":"","overlay-type":"","overlay-color":"","overlay-opacity":"","overlay-gradient":""},"mobile":{"background-color":"","background-image":"","background-repeat":"repeat","background-position":"center center","background-size":"auto","background-attachment":"scroll","background-type":"","background-media":"","overlay-type":"","overlay-color":"","overlay-opacity":"","overlay-gradient":""}},"ast-content-background-meta":{"desktop":{"background-color":"var(--ast-global-color-5)","background-image":"","background-repeat":"repeat","background-position":"center center","background-size":"auto","background-attachment":"scroll","background-type":"","background-media":"","overlay-type":"","overlay-color":"","overlay-opacity":"","overlay-gradient":""},"tablet":{"background-color":"var(--ast-global-color-5)","background-image":"","background-repeat":"repeat","background-position":"center center","background-size":"auto","background-attachment":"scroll","background-type":"","background-media":"","overlay-type":"","overlay-color":"","overlay-opacity":"","overlay-gradient":""},"mobile":{"background-color":"var(--ast-global-color-5)","background-image":"","background-repeat":"repeat","background-position":"center center","background-size":"auto","background-attachment":"scroll","background-type":"","background-media":"","overlay-type":"","overlay-color":"","overlay-opacity":"","overlay-gradient":""}},"footnotes":""},"class_list":["post-244","page","type-page","status-publish","hentry"],"_links":{"self":[{"href":"https:\/\/gstunsel.de\/index.php?rest_route=\/wp\/v2\/pages\/244","targetHints":{"allow":["GET"]}}],"collection":[{"href":"https:\/\/gstunsel.de\/index.php?rest_route=\/wp\/v2\/pages"}],"about":[{"href":"https:\/\/gstunsel.de\/index.php?rest_route=\/wp\/v2\/types\/page"}],"author":[{"embeddable":true,"href":"https:\/\/gstunsel.de\/index.php?rest_route=\/wp\/v2\/users\/1"}],"replies":[{"embeddable":true,"href":"https:\/\/gstunsel.de\/index.php?rest_route=%2Fwp%2Fv2%2Fcomments&post=244"}],"version-history":[{"count":38,"href":"https:\/\/gstunsel.de\/index.php?rest_route=\/wp\/v2\/pages\/244\/revisions"}],"predecessor-version":[{"id":1455,"href":"https:\/\/gstunsel.de\/index.php?rest_route=\/wp\/v2\/pages\/244\/revisions\/1455"}],"wp:attachment":[{"href":"https:\/\/gstunsel.de\/index.php?rest_route=%2Fwp%2Fv2%2Fmedia&parent=244"}],"curies":[{"name":"wp","href":"https:\/\/api.w.org\/{rel}","templated":true}]}}