{"id":1360,"date":"2025-03-23T22:19:48","date_gmt":"2025-03-23T22:19:48","guid":{"rendered":"https:\/\/tunsel.adoring-tesla.88-198-121-67.plesk.page\/?page_id=1360"},"modified":"2025-03-23T22:28:20","modified_gmt":"2025-03-23T22:28:20","slug":"isp","status":"publish","type":"page","link":"https:\/\/gstunsel.de\/?page_id=1360","title":{"rendered":"ISP"},"content":{"rendered":"\t\t<div data-elementor-type=\"wp-page\" data-elementor-id=\"1360\" class=\"elementor elementor-1360\">\n\t\t\t\t\t\t<section class=\"elementor-section elementor-top-section elementor-element elementor-element-3f86014 elementor-section-boxed elementor-section-height-default elementor-section-height-default\" data-id=\"3f86014\" data-element_type=\"section\">\n\t\t\t\t\t\t<div class=\"elementor-container elementor-column-gap-default\">\n\t\t\t\t\t<div class=\"elementor-column elementor-col-100 elementor-top-column elementor-element elementor-element-c77dd04\" data-id=\"c77dd04\" data-element_type=\"column\">\n\t\t\t<div class=\"elementor-widget-wrap elementor-element-populated\">\n\t\t\t\t\t\t<div class=\"elementor-element elementor-element-a69348c elementor-widget elementor-widget-heading\" data-id=\"a69348c\" data-element_type=\"widget\" data-widget_type=\"heading.default\">\n\t\t\t\t<div class=\"elementor-widget-container\">\n\t\t\t\t\t<h2 class=\"elementor-heading-title elementor-size-default\">ISP und Kooperation mit der PH Freiburg<\/h2>\t\t\t\t<\/div>\n\t\t\t\t<\/div>\n\t\t\t\t\t<\/div>\n\t\t<\/div>\n\t\t\t\t\t<\/div>\n\t\t<\/section>\n\t\t\t\t<section class=\"elementor-section elementor-top-section elementor-element elementor-element-ad0a701 elementor-section-boxed elementor-section-height-default elementor-section-height-default\" data-id=\"ad0a701\" data-element_type=\"section\">\n\t\t\t\t\t\t<div class=\"elementor-container elementor-column-gap-default\">\n\t\t\t\t\t<div class=\"elementor-column elementor-col-100 elementor-top-column elementor-element elementor-element-b632ef7\" data-id=\"b632ef7\" data-element_type=\"column\">\n\t\t\t<div class=\"elementor-widget-wrap elementor-element-populated\">\n\t\t\t\t\t\t<div class=\"elementor-element elementor-element-10a52ad elementor-widget elementor-widget-text-editor\" data-id=\"10a52ad\" data-element_type=\"widget\" data-widget_type=\"text-editor.default\">\n\t\t\t\t<div class=\"elementor-widget-container\">\n\t\t\t\t\t\t\t\t\t<p>Das ISP steht f\u00fcr <em>Integriertes Semester Praktikum.<\/em> Dabei handelt es sich um ein Praxissemester, das alle Studierenden des Lehramts Primarstufe an einer P\u00e4dagogischen Hochschule in Baden-W\u00fcrttemberg verpflichtend an einer Grundschule absolvieren m\u00fcssen. Ziele des ISP sind die St\u00e4rkung des Bezugs zur Schulpraxis, ein fr\u00fchzeitiges Kennenlernen des gesamten T\u00e4tigkeitsfeldes Schule und die Verkn\u00fcpfung von Theorie und Praxis.<\/p><p>Seit dem Schuljahr 2021\/22 ist die Grundschule Tunsel Ausbildungsschule f\u00fcr das ISP. Eine Gruppe von 3 bis 4 Studierenden absolviert f\u00fcr die Dauer eines Semesters ihr Praktikum an unserer Schule, erg\u00e4nzt durch Begleitveranstaltungen an der PH Freiburg. Au\u00dferdem finden w\u00e4hrend des ISP an ein bis zwei Wochentagen auch regelm\u00e4\u00dfig Besuche von Dozierenden der PH Freiburg statt. Die Studierenden halten an diesen Tagen Unterrichtsstunden, die anschlie\u00dfend gemeinsam besprochen werden.<\/p><p>Ansprechpartnerinnen (Ausbildungsberaterinnen) f\u00fcr das ISP an unserer Schule sind Frau Ristl-Zulauf und Frau Stadie.<\/p>\t\t\t\t\t\t\t\t<\/div>\n\t\t\t\t<\/div>\n\t\t\t\t\t<\/div>\n\t\t<\/div>\n\t\t\t\t\t<\/div>\n\t\t<\/section>\n\t\t\t\t<\/div>\n\t\t","protected":false},"excerpt":{"rendered":"<p>ISP und Kooperation mit der PH Freiburg Das ISP steht f\u00fcr Integriertes Semester Praktikum. Dabei handelt es sich um ein Praxissemester, das alle Studierenden des Lehramts Primarstufe an einer P\u00e4dagogischen [&hellip;]<\/p>\n","protected":false},"author":3,"featured_media":0,"parent":0,"menu_order":0,"comment_status":"closed","ping_status":"closed","template":"","meta":{"site-sidebar-layout":"no-sidebar","site-content-layout":"page-builder","ast-site-content-layout":"full-width-container","site-content-style":"default","site-sidebar-style":"default","ast-global-header-display":"","ast-banner-title-visibility":"","ast-main-header-display":"","ast-hfb-above-header-display":"","ast-hfb-below-header-display":"","ast-hfb-mobile-header-display":"","site-post-title":"disabled","ast-breadcrumbs-content":"","ast-featured-img":"disabled","footer-sml-layout":"","theme-transparent-header-meta":"","adv-header-id-meta":"","stick-header-meta":"","header-above-stick-meta":"","header-main-stick-meta":"","header-below-stick-meta":"","astra-migrate-meta-layouts":"set","ast-page-background-enabled":"default","ast-page-background-meta":{"desktop":{"background-color":"var(--ast-global-color-4)","background-image":"","background-repeat":"repeat","background-position":"center center","background-size":"auto","background-attachment":"scroll","background-type":"","background-media":"","overlay-type":"","overlay-color":"","overlay-opacity":"","overlay-gradient":""},"tablet":{"background-color":"","background-image":"","background-repeat":"repeat","background-position":"center center","background-size":"auto","background-attachment":"scroll","background-type":"","background-media":"","overlay-type":"","overlay-color":"","overlay-opacity":"","overlay-gradient":""},"mobile":{"background-color":"","background-image":"","background-repeat":"repeat","background-position":"center center","background-size":"auto","background-attachment":"scroll","background-type":"","background-media":"","overlay-type":"","overlay-color":"","overlay-opacity":"","overlay-gradient":""}},"ast-content-background-meta":{"desktop":{"background-color":"var(--ast-global-color-5)","background-image":"","background-repeat":"repeat","background-position":"center center","background-size":"auto","background-attachment":"scroll","background-type":"","background-media":"","overlay-type":"","overlay-color":"","overlay-opacity":"","overlay-gradient":""},"tablet":{"background-color":"var(--ast-global-color-5)","background-image":"","background-repeat":"repeat","background-position":"center center","background-size":"auto","background-attachment":"scroll","background-type":"","background-media":"","overlay-type":"","overlay-color":"","overlay-opacity":"","overlay-gradient":""},"mobile":{"background-color":"var(--ast-global-color-5)","background-image":"","background-repeat":"repeat","background-position":"center center","background-size":"auto","background-attachment":"scroll","background-type":"","background-media":"","overlay-type":"","overlay-color":"","overlay-opacity":"","overlay-gradient":""}},"footnotes":""},"class_list":["post-1360","page","type-page","status-publish","hentry"],"_links":{"self":[{"href":"https:\/\/gstunsel.de\/index.php?rest_route=\/wp\/v2\/pages\/1360","targetHints":{"allow":["GET"]}}],"collection":[{"href":"https:\/\/gstunsel.de\/index.php?rest_route=\/wp\/v2\/pages"}],"about":[{"href":"https:\/\/gstunsel.de\/index.php?rest_route=\/wp\/v2\/types\/page"}],"author":[{"embeddable":true,"href":"https:\/\/gstunsel.de\/index.php?rest_route=\/wp\/v2\/users\/3"}],"replies":[{"embeddable":true,"href":"https:\/\/gstunsel.de\/index.php?rest_route=%2Fwp%2Fv2%2Fcomments&post=1360"}],"version-history":[{"count":4,"href":"https:\/\/gstunsel.de\/index.php?rest_route=\/wp\/v2\/pages\/1360\/revisions"}],"predecessor-version":[{"id":1367,"href":"https:\/\/gstunsel.de\/index.php?rest_route=\/wp\/v2\/pages\/1360\/revisions\/1367"}],"wp:attachment":[{"href":"https:\/\/gstunsel.de\/index.php?rest_route=%2Fwp%2Fv2%2Fmedia&parent=1360"}],"curies":[{"name":"wp","href":"https:\/\/api.w.org\/{rel}","templated":true}]}}